{"id":2067,"date":"2019-04-15T11:17:17","date_gmt":"2019-04-15T09:17:17","guid":{"rendered":"https:\/\/sp2.ustron.pl\/p2\/?page_id=2067"},"modified":"2025-01-16T12:34:36","modified_gmt":"2025-01-16T11:34:36","slug":"kontakt","status":"publish","type":"page","link":"https:\/\/sp2.ustron.pl\/p2\/kontakt\/","title":{"rendered":"Kontakt"},"content":{"rendered":"\t\t<div data-elementor-type=\"wp-post\" data-elementor-id=\"2067\" class=\"elementor elementor-2067\">\n\t\t\t\t\t\t<section class=\"elementor-section elementor-top-section elementor-element elementor-element-49b08e2 elementor-section-boxed elementor-section-height-default elementor-section-height-default\" data-id=\"49b08e2\" data-element_type=\"section\" data-e-type=\"section\">\n\t\t\t\t\t\t<div class=\"elementor-container elementor-column-gap-default\">\n\t\t\t\t\t<div class=\"elementor-column elementor-col-100 elementor-top-column elementor-element elementor-element-65bb2b5e\" data-id=\"65bb2b5e\" data-element_type=\"column\" data-e-type=\"column\">\n\t\t\t<div class=\"elementor-widget-wrap elementor-element-populated\">\n\t\t\t\t\t\t<div class=\"elementor-element elementor-element-59ffc436 elementor-vertical-align-middle elementor-widget elementor-widget-image-box\" data-id=\"59ffc436\" data-element_type=\"widget\" data-e-type=\"widget\" data-widget_type=\"image-box.default\">\n\t\t\t\t<div class=\"elementor-widget-container\">\n\t\t\t\t\t<div class=\"elementor-image-box-wrapper\"><div class=\"elementor-image-box-content\"><h3 class=\"elementor-image-box-title\">Kontakt<\/h3><p class=\"elementor-image-box-description\"><b>Zesp\u00f3\u0142 Szkolno-Przedszkolny  nr 2 w Ustroniu <br><\/b>ul. Daszy\u0144skiego 31<br>43-450 Ustro\u0144 <br>tel: 33 854 25 45 <br>tel: 33 854 35 63   <br><span style=\"font-family: Poppins, sans-serif;font-size: 15px;font-style: normal;font-weight: 700\">email: <br><\/span><span style=\"font-family: Poppins, sans-serif;font-size: 15px;font-style: normal;font-weight: 400\">kontakt(at)sp2.ustron.pl<\/span><br><br><b>Jednostki sk\u0142adowe:<br><\/b><br><span style=\"font-family: Poppins, sans-serif;font-size: 15px;font-style: normal;font-weight: 700\">Klimatyczna Szko\u0142a Podstawowa nr 2 im. Jerzego Michejdy <br><\/span><span style=\"font-family: Poppins, sans-serif;font-size: 15px;font-style: normal;font-weight: 400\">ul. Daszy\u0144skiego 31<\/span><br><span style=\"font-family: Poppins, sans-serif;font-size: 15px;font-style: normal;font-weight: 400\">43-450 Ustro\u0144 <\/span><br><span style=\"font-family: Poppins, sans-serif;font-size: 15px;font-style: normal;font-weight: 400\">tel: 33 854 25 45 <\/span><br><span style=\"font-family: Poppins, sans-serif;font-size: 15px;font-style: normal;font-weight: 400\">tel: 33 854 35 63  <\/span><br><br><span style=\"font-family: Poppins, sans-serif;font-size: 15px;font-style: normal;font-weight: 700\">Przedszkole  nr 2 w Ustroniu <br><\/span><span style=\"font-family: Poppins, sans-serif;font-size: 15px;font-style: normal;font-weight: 400\">ul. Stra\u017cacka 1 <\/span><br><span style=\"font-family: Poppins, sans-serif;font-size: 15px;font-style: normal;font-weight: 400\">43-450 Ustro\u0144 <\/span><br><span style=\"font-family: Poppins, sans-serif;font-size: 15px;font-style: normal;font-weight: 400\">tel: 33 854 23 88<\/span><\/p><\/div><\/div>\t\t\t\t<\/div>\n\t\t\t\t<\/div>\n\t\t\t\t\t<\/div>\n\t\t<\/div>\n\t\t\t\t\t<\/div>\n\t\t<\/section>\n\t\t\t\t<\/div>\n\t\t","protected":false},"excerpt":{"rendered":"<p>Kontakt Zesp\u00f3\u0142 Szkolno-Przedszkolny nr 2 w Ustroniu ul. Daszy\u0144skiego 3143-450 Ustro\u0144 tel: 33 854 25 45 tel: 33 854 35 63 email: kontakt(at)sp2.ustron.pl Jednostki sk\u0142adowe:Klimatyczna Szko\u0142a Podstawowa nr 2 im. Jerzego Michejdy ul. Daszy\u0144skiego 3143-450 Ustro\u0144 tel: 33 854 25 45 tel: 33 854 35 63 Przedszkole nr 2 w Ustroniu ul. Stra\u017cacka 1 43-450 [&hellip;]<\/p>\n","protected":false},"author":1,"featured_media":0,"parent":0,"menu_order":0,"comment_status":"closed","ping_status":"closed","template":"","meta":{"ocean_post_layout":"","ocean_both_sidebars_style":"","ocean_both_sidebars_content_width":0,"ocean_both_sidebars_sidebars_width":0,"ocean_sidebar":"0","ocean_second_sidebar":"0","ocean_disable_margins":"enable","ocean_add_body_class":"","ocean_shortcode_before_top_bar":"","ocean_shortcode_after_top_bar":"","ocean_shortcode_before_header":"","ocean_shortcode_after_header":"","ocean_has_shortcode":"","ocean_shortcode_after_title":"","ocean_shortcode_before_footer_widgets":"","ocean_shortcode_after_footer_widgets":"","ocean_shortcode_before_footer_bottom":"","ocean_shortcode_after_footer_bottom":"","ocean_display_top_bar":"default","ocean_display_header":"default","ocean_header_style":"","ocean_center_header_left_menu":"0","ocean_custom_header_template":"0","ocean_custom_logo":0,"ocean_custom_retina_logo":0,"ocean_custom_logo_max_width":0,"ocean_custom_logo_tablet_max_width":0,"ocean_custom_logo_mobile_max_width":0,"ocean_custom_logo_max_height":0,"ocean_custom_logo_tablet_max_height":0,"ocean_custom_logo_mobile_max_height":0,"ocean_header_custom_menu":"0","ocean_menu_typo_font_family":"0","ocean_menu_typo_font_subset":"","ocean_menu_typo_font_size":0,"ocean_menu_typo_font_size_tablet":0,"ocean_menu_typo_font_size_mobile":0,"ocean_menu_typo_font_size_unit":"px","ocean_menu_typo_font_weight":"","ocean_menu_typo_font_weight_tablet":"","ocean_menu_typo_font_weight_mobile":"","ocean_menu_typo_transform":"","ocean_menu_typo_transform_tablet":"","ocean_menu_typo_transform_mobile":"","ocean_menu_typo_line_height":0,"ocean_menu_typo_line_height_tablet":0,"ocean_menu_typo_line_height_mobile":0,"ocean_menu_typo_line_height_unit":"","ocean_menu_typo_spacing":0,"ocean_menu_typo_spacing_tablet":0,"ocean_menu_typo_spacing_mobile":0,"ocean_menu_typo_spacing_unit":"","ocean_menu_link_color":"","ocean_menu_link_color_hover":"","ocean_menu_link_color_active":"","ocean_menu_link_background":"","ocean_menu_link_hover_background":"","ocean_menu_link_active_background":"","ocean_menu_social_links_bg":"","ocean_menu_social_hover_links_bg":"","ocean_menu_social_links_color":"","ocean_menu_social_hover_links_color":"","ocean_disable_title":"default","ocean_disable_heading":"default","ocean_post_title":"","ocean_post_subheading":"","ocean_post_title_style":"","ocean_post_title_background_color":"","ocean_post_title_background":0,"ocean_post_title_bg_image_position":"","ocean_post_title_bg_image_attachment":"","ocean_post_title_bg_image_repeat":"","ocean_post_title_bg_image_size":"","ocean_post_title_height":0,"ocean_post_title_bg_overlay":0.5,"ocean_post_title_bg_overlay_color":"","ocean_disable_breadcrumbs":"default","ocean_breadcrumbs_color":"","ocean_breadcrumbs_separator_color":"","ocean_breadcrumbs_links_color":"","ocean_breadcrumbs_links_hover_color":"","ocean_display_footer_widgets":"default","ocean_display_footer_bottom":"default","ocean_custom_footer_template":"0","footnotes":""},"class_list":["post-2067","page","type-page","status-publish","hentry","entry"],"_links":{"self":[{"href":"https:\/\/sp2.ustron.pl\/p2\/wp-json\/wp\/v2\/pages\/2067","targetHints":{"allow":["GET"]}}],"collection":[{"href":"https:\/\/sp2.ustron.pl\/p2\/wp-json\/wp\/v2\/pages"}],"about":[{"href":"https:\/\/sp2.ustron.pl\/p2\/wp-json\/wp\/v2\/types\/page"}],"author":[{"embeddable":true,"href":"https:\/\/sp2.ustron.pl\/p2\/wp-json\/wp\/v2\/users\/1"}],"replies":[{"embeddable":true,"href":"https:\/\/sp2.ustron.pl\/p2\/wp-json\/wp\/v2\/comments?post=2067"}],"version-history":[{"count":30,"href":"https:\/\/sp2.ustron.pl\/p2\/wp-json\/wp\/v2\/pages\/2067\/revisions"}],"predecessor-version":[{"id":4623,"href":"https:\/\/sp2.ustron.pl\/p2\/wp-json\/wp\/v2\/pages\/2067\/revisions\/4623"}],"wp:attachment":[{"href":"https:\/\/sp2.ustron.pl\/p2\/wp-json\/wp\/v2\/media?parent=2067"}],"curies":[{"name":"wp","href":"https:\/\/api.w.org\/{rel}","templated":true}]}}